{"id":8698,"date":"2021-01-13T16:56:56","date_gmt":"2021-01-13T16:56:56","guid":{"rendered":"http:\/\/maiadouro.pt\/politica-privacidade\/"},"modified":"2021-04-05T10:40:05","modified_gmt":"2021-04-05T10:40:05","slug":"politica-privacidade","status":"publish","type":"page","link":"https:\/\/maiadouro.pt\/fr\/politica-privacidade\/","title":{"rendered":"Pol\u00edtica de Privacidade"},"content":{"rendered":"<h6><span style=\"color: #000000;\"><strong>Declara\u00e7\u00e3o e Consentimento Pr\u00e9vios \u00e0 Pol\u00edtica de Privacidade e de Prote\u00e7\u00e3o de Dados<\/strong><\/span><\/h6>\n<p><span style=\"color: #333333;\">Ao aceitar a presente Pol\u00edtica de Privacidade e de Prote\u00e7\u00e3o de Dados Pessoais, o utilizador, e titular dos dados, autoriza a \u201cGr\u00e1fica Maiadouro, S.A.\u201d, com sede Rua Padre Lu\u00eds Campos, 586 e 686, 4470-324 MAIA, a tratar os dados pessoais que forne\u00e7a mediante o preenchimento do seu formul\u00e1rio de pedido de or\u00e7amento, que constem dos ficheiros de que fizer upload, bem como os dados relativos \u00e0 sua rela\u00e7\u00e3o comercial e contratual, e respectiva gest\u00e3o, nos termos da presente Pol\u00edtica de Privacidade e de Prote\u00e7\u00e3o de Dados.<\/span><\/p>\n<h6><span style=\"color: #000000;\">O utilizador, e titular dos dados, declara ainda que:<\/span><\/h6>\n<p><span style=\"color: #333333;\"><span style=\"color: #000000;\"><strong>1.<\/strong><\/span> estar consciente e plenamente informado\/a de que o tratamento dos seus dados pessoais inclui todas as opera\u00e7\u00f5es efetuadas sobre os dados por si fornecidos, com as finalidades de:<\/span><br \/>\n<span style=\"color: #333333;\">\u2022 melhorar o funcionamento e funcionalidades do website da sociedade, melhorar e personalizar os servi\u00e7os que lhe s\u00e3o prestados, processar transa\u00e7\u00f5es consigo ou com a sua empresa relacionadas;<\/span><br \/>\n<span style=\"color: #333333;\">\u2022 contact\u00e1-lo atrav\u00e9s de emails, mensagens escritas ou por telefone para envio de informa\u00e7\u00f5es ou atualiza\u00e7\u00f5es sobre as suas encomendas e pedidos, bem como informa\u00e7\u00f5es sobre novos produtos ou servi\u00e7os relacionados;<\/span><\/p>\n<p><span style=\"color: #333333;\"><span style=\"color: #000000;\"><strong>2.<\/strong> <\/span>aceitar e consentir que os seus dados sejam transmitidos a entidades subcontratantes a quem a \u201cGr\u00e1fica Maiadouro, S.A.\u201d possa recorrer, na condi\u00e7\u00e3o de que estas ofere\u00e7am garantias de que est\u00e3o em compliance com o RGPD;<\/span><\/p>\n<p><span style=\"color: #333333;\"><span style=\"color: #000000;\"><strong>3.<\/strong> <\/span>aceitar e consentir o livre uso e reprodu\u00e7\u00e3o, pela \u201cGr\u00e1fica Maiadouro, S.A.\u201d, de conte\u00fados seus publicamente dispon\u00edveis e\/ou publicados em plataformas social media em que se tenha referido, explicita e especificamente, ou aposto \u201ctag\/hashtag\u201d \u00e0 \u201cGr\u00e1fica Maiadouro, S.A.\u201d, aos nossos produtos ou servi\u00e7os;<\/span><\/p>\n<p><span style=\"color: #333333;\"><span style=\"color: #000000;\"><strong>4.<\/strong><\/span> tomar conhecimento que, nos termos da legisla\u00e7\u00e3o aplic\u00e1vel, se pode opor, limitar, corrigir ou solicitar o apagamento relativamente ao tratamento dos seus dados quanto a uma ou algumas das finalidades anteriormente descritas, mediante o envio de um pedido ao seguinte correio eletr\u00f3nico: rgpd@maiadouro.pt, bem como ter o direito a apresentar uma queixa junto das autoridades competentes;<\/span><\/p>\n<p><span style=\"color: #333333;\"><span style=\"color: #000000;\"><strong>5.<\/strong><\/span> ter 16 ou mais anos de idade e prestar o presente consentimento de forma livre e volunt\u00e1ria.<\/span><\/p>\n<p>&nbsp;<\/p>\n<h6><span style=\"color: #000000;\"><strong>Pol\u00edtica de Privacidade e de Prote\u00e7\u00e3o de Dados<\/strong><\/span><\/h6>\n<p><span style=\"color: #333333;\">A presente Pol\u00edtica de Privacidade e de Prote\u00e7\u00e3o Dados tem como objetivo informar como recolhemos, protegemos, usamos e partilhamos informa\u00e7\u00e3o sobre si, online e offline. Por favor, leia atentamente os seguintes termos:<\/span><\/p>\n<p><span style=\"color: #000000;\"><strong>1. Os seus dados pessoais <\/strong><\/span><br \/>\n<span style=\"color: #333333;\">Ao navegar no nosso site, n\u00e3o s\u00e3o recolhidas informa\u00e7\u00f5es ou dados pessoais, a menos que estes sejam fornecidos de forma volunt\u00e1ria e consentida, mediante a submiss\u00e3o de formul\u00e1rios, pedidos de or\u00e7amentos ou upload de documentos e\/ou ficheiros. Note que, ao fornecer-nos dados pessoais, est\u00e1 a dar o seu consentimento expresso para que os mesmos sejam utilizados para as finalidades previstas na presente Pol\u00edtica de Privacidade e de Prote\u00e7\u00e3o de Dados.<\/span><\/p>\n<p><span style=\"color: #000000;\"><strong>2. Finalidades do tratamento dos seus dados <\/strong><\/span><br \/>\n<span style=\"color: #333333;\">O tratamento dos dados ter\u00e1 como finalidade melhorar o nosso site nos servi\u00e7os e recursos dispon\u00edveis; processar as transa\u00e7\u00f5es relacionadas consigo e\/ou com a sua empresa; estabelecer contactos consigo e\/ou a sua empresa e gerir todo o processo de presta\u00e7\u00e3o dos nossos servi\u00e7os e\/ou fornecimento dos nossos produtos. \u00c9 expressamente proibida a venda, troca, partilha ou transfer\u00eancia dos seus dados pessoais a terceiros, salvo com o seu consentimento expresso ou para cumprimento de alguma obriga\u00e7\u00e3o legal ou judicial. Esta proibi\u00e7\u00e3o n\u00e3o abrange terceiros confi\u00e1veis que nos ajudam a gerir o nosso site, aplica\u00e7\u00f5es para dispositivos m\u00f3veis, conduzindo os nossos neg\u00f3cios ou prestando servi\u00e7os aos nossos clientes, desde que essas partes concordem em manter essas informa\u00e7\u00f5es confidenciais e apresentem garantias que se encontram em compliance com o novo RGPD. No entanto, informa\u00e7\u00f5es de visitante n\u00e3o-pessoalmente identific\u00e1veis podem ser fornecidas a outras partes para fins de marketing, publicidade ou outros usos. Os dados de contacto por si fornecidos podem ser usados para enviar informa\u00e7\u00f5es e atualiza\u00e7\u00f5es relacionadas com os seus pedidos, encomendas, transa\u00e7\u00f5es, receber atualiza\u00e7\u00f5es ocasionais e informa\u00e7\u00f5es sobre produtos ou servi\u00e7os relacionados. Os dados de contacto fornecidos poder\u00e3o tamb\u00e9m ser utilizados para entrar em contacto consigo, por e-mail, carta ou telefone, para solicitar os seus coment\u00e1rios e aferir o seu grau de satisfa\u00e7\u00e3o em rela\u00e7\u00e3o ao nosso atendimento, servi\u00e7os e produtos.<\/span><\/p>\n<p><span style=\"color: #000000;\"><strong>3. Prote\u00e7\u00e3o das suas informa\u00e7\u00f5es <\/strong><\/span><br \/>\n<span style=\"color: #333333;\">A \u201cGr\u00e1fica Maiadouro, S.A.\u201d tem implementados procedimentos adequados que permitem assegurar o cumprimento das obriga\u00e7\u00f5es de seguran\u00e7a no tratamento, notifica\u00e7\u00e3o \u00e0 autoridade de controlo e aos titulares em caso de viola\u00e7\u00e3o de dados pessoais, avalia\u00e7\u00e3o de impacto sobre a prote\u00e7\u00e3o de dados e consulta pr\u00e9via, tal como previstas na legisla\u00e7\u00e3o aplic\u00e1vel. N\u00e3o obstante, importa ter presente que nenhum m\u00e9todo de transmiss\u00e3o ou armazenamento de dados \u00e9 100% seguro. Por conseguinte, declinamos qualquer responsabilidade por quaisquer danos, de qualquer natureza, diretos ou indiretos, incorridos por si, ou por qualquer utilizador, relacionados com fraude inform\u00e1tica, roubo, furto ou qualquer outra infra\u00e7\u00e3o ou circunst\u00e2ncia em que as suas informa\u00e7\u00f5es e dados s\u00e3o acedidos ou divulgados sem autoriza\u00e7\u00e3o expressa.<\/span><\/p>\n<p><span style=\"color: #000000;\"><strong>4. Propriedade intelectual e direitos de autor e direitos conexos<\/strong><\/span><br \/>\n<span style=\"color: #333333;\">Todos os materiais do site, incluindo o design, texto, gr\u00e1ficos, fotografias e conte\u00fado apresentado, constituem propriedade intelectual da \u201cGr\u00e1fica Maiadouro, S.A.\u201d, sendo igualmente protegidos por direitos de autor. \u00c9 estritamente proibido proceder \u00e0 sua modifica\u00e7\u00e3o, reprodu\u00e7\u00e3o, c\u00f3pia, duplica\u00e7\u00e3o, venda, distribui\u00e7\u00e3o ou quaisquer outras formas de explora\u00e7\u00e3o, visando finalidades comerciais ou n\u00e3o comerciais.<\/span><\/p>\n<p><span style=\"color: #000000;\"><strong>5. Subscri\u00e7\u00e3o de Newsletter <\/strong><\/span><br \/>\n<span style=\"color: #333333;\">Caso autorize a subscri\u00e7\u00e3o da Newsletter disponibilizaremos informa\u00e7\u00e3o relativa aos nossos produtos e servi\u00e7os atrav\u00e9s de diferentes meios, como correio eletr\u00f3nico ou outros meios eletr\u00f3nicos equivalentes de comunica\u00e7\u00e3o (como SMS, etc.).<\/span><\/p>\n<p><span style=\"color: #333333;\">A subscri\u00e7\u00e3o da Newsletter pode implicar a utiliza\u00e7\u00e3o de Dados Pessoais de forma a proceder a uma publicita\u00e7\u00e3o personalizada dos nossos produtos e servi\u00e7os dispon\u00edveis ao utilizador atrav\u00e9s de correio eletr\u00f3nico, SMS ou qualquer outro meio eletr\u00f3nico ou de terceiros.<\/span><\/p>\n<p><span style=\"color: #333333;\">Poder\u00e1 cancelar o registo atrav\u00e9s da sec\u00e7\u00e3o de Newsletter da Plataforma em qualquer momento ou seguindo a informa\u00e7\u00e3o que disponibiliz\u00e1mos em cada comunica\u00e7\u00e3o.<\/span><\/p>\n<p><span style=\"color: #000000;\"><strong>6. Cookies<\/strong><\/span><br \/>\n<span style=\"color: #333333;\">Utilizamos cookies nesta Plataforma, que s\u00e3o pequenos ficheiros de texto com informa\u00e7\u00e3o relativa \u00e0 navega\u00e7\u00e3o do utilizador na Plataforma, cujo principal prop\u00f3sito \u00e9 melhorar a experi\u00eancia do utilizador na Plataforma. Ao continuar a navegar nesta p\u00e1gina, consideramos que aceita o seu uso. N\u00e3o armazenamos informa\u00e7\u00e3o pessoal sens\u00edvel, como a sua morada, palavra-passe, dados relativos a cart\u00e3o de cr\u00e9dito ou d\u00e9bito, etc., nos cookies que usamos. Um cookie, por si s\u00f3, n\u00e3o identifica pessoalmente nenhum usu\u00e1rio \/ visitante.<\/span><\/p>\n<p><span style=\"color: #000000;\"><strong>7. O Seu Consentimento <\/strong><\/span><br \/>\n<span style=\"color: #333333;\">Ao utilizar o nosso website e as nossas plataformas, concorda com a nossa Pol\u00edtica de Privacidade e de Prote\u00e7\u00e3o de Dados.<\/span><\/p>\n<p><span style=\"color: #000000;\"><strong>8. Prazo de conserva\u00e7\u00e3o dos seus dados<\/strong><\/span><br \/>\n<span style=\"color: #333333;\">Os dados pessoais que nos fornece ser\u00e3o conservados enquanto se mantiverem em vigor as rela\u00e7\u00f5es existentes entre esta empresa e os respetivos titulares, ou se mantiverem as finalidades para as quais os mesmos foram recolhidos, sem preju\u00edzo da obriga\u00e7\u00e3o de preservar os dados durante um per\u00edodo superior por imposi\u00e7\u00e3o legal, designadamente para cumprimento de obriga\u00e7\u00f5es fiscais.<\/span><\/p>\n<p><span style=\"color: #000000;\"><strong>9. Os Seus Direitos<\/strong><\/span><br \/>\n<span style=\"color: #333333;\">Nos termos da legisla\u00e7\u00e3o aplic\u00e1vel, o titular dos dados pessoais tem o direito de aceder, retificar, limitar, corrigir, solicitar o apagamento ou opor-se ao tratamento dos seus dados por esta empresa, mediante o envio de carta, com aviso de rece\u00e7\u00e3o, dirigida \u00e0 empresa para a Rua Padre Lu\u00eds Campos, 586 e 686, 4470-324 MAIA, ou para o seguinte endere\u00e7o de correio eletr\u00f3nico: rgpd@maiadouro.pt. O titular dos dados tem ainda direito a apresentar uma queixa na Comiss\u00e3o Nacional de Prote\u00e7\u00e3o de Dados (CNPD). Mais informa\u00e7\u00e3o sobre a CNPD poder\u00e1 ser obtida atrav\u00e9s do website www.cnpd.pt.<\/span><\/p>\n<p><span style=\"color: #000000;\"><strong>10. Declara\u00e7\u00e3o sobre o conhecimento do uso dos dados sens\u00edveis e n\u00e3o sens\u00edveis recolhidos e respetivo consentimento<\/strong><\/span><br \/>\n<span style=\"color: #333333;\">O Utilizador, tendo conhecimento que a \u201cGr\u00e1fica Maiadouro, S.A.\u201d proceder\u00e1 \u00e0 recolha e tratamento de Dados Pessoais (eventualmente sens\u00edveis), reconhece que ao assinalar a check-box \u201c Tomei conhecimento e aceito a Pol\u00edtica de Privacidade e de Prote\u00e7\u00e3o de Dados\u201d certifica que a informa\u00e7\u00e3o que fornece \u00e9 correta e verdadeira e que pretende submeter os dados pessoais solicitados, pelo que autoriza expressamente a utiliza\u00e7\u00e3o dos mesmos pela \u201cGr\u00e1fica Maiadouro, S.A.\u201d, exclusivamente para os fins e prop\u00f3sito do formul\u00e1rio que preencheu, tendo em conta que:<\/span><\/p>\n<p><span style=\"color: #333333;\"><strong>a)<\/strong> os dados ser\u00e3o tratados pelos Colaboradores da \u201cGr\u00e1fica Maiadouro, S.A.\u201d que desenvolvam qualquer das atividades necess\u00e1rias para a presta\u00e7\u00e3o do servi\u00e7o;<\/span><\/p>\n<p><span style=\"color: #333333;\"><strong>b)<\/strong> A informa\u00e7\u00e3o ser\u00e1 apenas utilizada para avaliar a sua solicita\u00e7\u00e3o e no contexto dos eventuais procedimentos relacionados com o respetivo formul\u00e1rio; e que<\/span><\/p>\n<p><span style=\"color: #333333;\"><strong>c)<\/strong> O software aplicativo da base de dados de informa\u00e7\u00e3o, que armazena os dados que fornece, protege os seus dados pessoais nos termos da legisla\u00e7\u00e3o aplic\u00e1vel.<\/span><\/p>\n<p><span style=\"color: #333333;\"><span style=\"color: #000000;\"><strong>11. Transfer\u00eancia de Dados para fora da Uni\u00e3o Europeia<br \/>\n<\/strong><\/span>Os dados pessoais recolhidos e tratados n\u00e3o s\u00e3o disponibilizados a terceiros estabelecidos fora da Uni\u00e3o Europeia. Se, no futuro, esta transfer\u00eancia acontecer pelas raz\u00f5es acima referidas, a \u201cGr\u00e1fica Maiadouro, S.A.\u201d compromete-se a assegurar que a transfer\u00eancia obedece \u00e0s disposi\u00e7\u00f5es legais aplic\u00e1veis, nomeadamente quanto \u00e0 determina\u00e7\u00e3o da adequa\u00e7\u00e3o de tal pa\u00eds no que respeita a prote\u00e7\u00e3o de dados e aos requisitos aplic\u00e1veis a tais transfer\u00eancias.<\/span><\/p>\n<p><span style=\"color: #000000;\"><strong>12. Altera\u00e7\u00f5es \u00e0 nossa Pol\u00edtica de Privacidade <\/strong><\/span><br \/>\n<span style=\"color: #333333;\">A \u201cGr\u00e1fica Maiadouro, S.A.\u201d reserva-se no direito de alterar, retificar ou atualizar esta Pol\u00edtica de Privacidade e de Prote\u00e7\u00e3o de Dados Pessoais, sempre que assim o entender e desde que respeite a legisla\u00e7\u00e3o em vigor. O uso continuado do nosso website, aplica\u00e7\u00f5es, servi\u00e7os e recursos oferecidos ap\u00f3s tais altera\u00e7\u00f5es ser\u00e1 considerado para os devidos efeitos como manifesta\u00e7\u00e3o da sua concord\u00e2ncia com tais altera\u00e7\u00f5es.<\/span><\/p>\n","protected":false},"excerpt":{"rendered":"<p>Declara\u00e7\u00e3o e Consentimento Pr\u00e9vios \u00e0 Pol\u00edtica de Privacidade e de Prote\u00e7\u00e3o de Dados Ao aceitar a presente Pol\u00edtica de Privacidade e de Prote\u00e7\u00e3o de Dados Pessoais, o utilizador, e titular dos dados, autoriza a \u201cGr\u00e1fica Maiadouro, S.A.\u201d, com sede Rua Padre Lu\u00eds Campos, 586 e 686, 4470-324 MAIA, a tratar os dados pessoais que forne\u00e7a mediante o preenchimento do seu formul\u00e1rio de pedido de or\u00e7amento, que constem dos ficheiros de que fizer upload, bem como os dados relativos \u00e0 sua rela\u00e7\u00e3o comercial e contratual, e respectiva gest\u00e3o, nos termos da presente Pol\u00edtica de Privacidade e de Prote\u00e7\u00e3o de Dados. O utilizador, e titular dos dados, declara ainda que: 1. estar consciente e plenamente informado\/a de que o tratamento dos seus dados pessoais inclui todas as opera\u00e7\u00f5es efetuadas sobre os dados por si fornecidos, com as finalidades de: \u2022 melhorar o funcionamento e funcionalidades do website da sociedade, melhorar e personalizar os servi\u00e7os que lhe s\u00e3o prestados, processar transa\u00e7\u00f5es consigo ou com a sua empresa relacionadas; \u2022 contact\u00e1-lo atrav\u00e9s de emails, mensagens escritas ou por telefone para envio de informa\u00e7\u00f5es ou atualiza\u00e7\u00f5es sobre as suas encomendas e pedidos, bem como informa\u00e7\u00f5es sobre novos produtos ou servi\u00e7os relacionados; 2. aceitar e consentir que os seus dados sejam transmitidos a entidades subcontratantes a quem a \u201cGr\u00e1fica Maiadouro, S.A.\u201d possa recorrer, na condi\u00e7\u00e3o de que estas ofere\u00e7am garantias de que est\u00e3o em compliance com o RGPD; 3. aceitar e consentir o livre uso e reprodu\u00e7\u00e3o, pela \u201cGr\u00e1fica Maiadouro, S.A.\u201d, de conte\u00fados seus publicamente dispon\u00edveis e\/ou publicados em plataformas social media em que se tenha referido, explicita e especificamente, ou aposto \u201ctag\/hashtag\u201d \u00e0 \u201cGr\u00e1fica Maiadouro, S.A.\u201d, aos nossos produtos ou servi\u00e7os; 4. tomar conhecimento que, nos termos da legisla\u00e7\u00e3o aplic\u00e1vel, se pode opor, limitar, corrigir ou solicitar o apagamento relativamente ao tratamento dos seus dados quanto a uma ou algumas das finalidades anteriormente descritas, mediante o envio de um pedido ao seguinte correio eletr\u00f3nico: rgpd@maiadouro.pt, bem como ter o direito a apresentar uma queixa junto das autoridades competentes; 5. ter 16 ou mais anos de idade e prestar o presente consentimento de forma livre e volunt\u00e1ria. &nbsp; Pol\u00edtica de Privacidade e de Prote\u00e7\u00e3o de Dados A presente Pol\u00edtica de Privacidade e de Prote\u00e7\u00e3o Dados tem como objetivo informar como recolhemos, protegemos, usamos e partilhamos informa\u00e7\u00e3o sobre si, online e offline. Por favor, leia atentamente os seguintes termos: 1. Os seus dados pessoais Ao navegar no nosso site, n\u00e3o s\u00e3o recolhidas informa\u00e7\u00f5es ou dados pessoais, a menos que estes sejam fornecidos de forma volunt\u00e1ria e consentida, mediante a submiss\u00e3o de formul\u00e1rios, pedidos de or\u00e7amentos ou upload de documentos e\/ou ficheiros. Note que, ao fornecer-nos dados pessoais, est\u00e1 a dar o seu consentimento expresso para que os mesmos sejam utilizados para as finalidades previstas na presente Pol\u00edtica de Privacidade e de Prote\u00e7\u00e3o de Dados. 2. Finalidades do tratamento dos seus dados O tratamento dos dados ter\u00e1 como finalidade melhorar o nosso site nos servi\u00e7os e recursos dispon\u00edveis; processar as transa\u00e7\u00f5es relacionadas consigo e\/ou com a sua empresa; estabelecer contactos consigo e\/ou a sua empresa e gerir todo o processo de presta\u00e7\u00e3o dos nossos servi\u00e7os e\/ou fornecimento dos nossos produtos. \u00c9 expressamente proibida a venda, troca, partilha ou transfer\u00eancia dos seus dados pessoais a terceiros, salvo com o seu consentimento expresso ou para cumprimento de alguma obriga\u00e7\u00e3o legal ou judicial. Esta proibi\u00e7\u00e3o n\u00e3o abrange terceiros confi\u00e1veis que nos ajudam a gerir o nosso site, aplica\u00e7\u00f5es para dispositivos m\u00f3veis, conduzindo os nossos neg\u00f3cios ou prestando servi\u00e7os aos nossos clientes, desde que essas partes concordem em manter essas informa\u00e7\u00f5es confidenciais e apresentem garantias que se encontram em compliance com o novo RGPD. No entanto, informa\u00e7\u00f5es de visitante n\u00e3o-pessoalmente identific\u00e1veis podem ser fornecidas a outras partes para fins de marketing, publicidade ou outros usos. Os dados de contacto por si fornecidos podem ser usados para enviar informa\u00e7\u00f5es e atualiza\u00e7\u00f5es relacionadas com os seus pedidos, encomendas, transa\u00e7\u00f5es, receber atualiza\u00e7\u00f5es ocasionais e informa\u00e7\u00f5es sobre produtos ou servi\u00e7os relacionados. Os dados de contacto fornecidos poder\u00e3o tamb\u00e9m ser utilizados para entrar em contacto consigo, por e-mail, carta ou telefone, para solicitar os seus coment\u00e1rios e aferir o seu grau de satisfa\u00e7\u00e3o em rela\u00e7\u00e3o ao nosso atendimento, servi\u00e7os e produtos. 3. Prote\u00e7\u00e3o das suas informa\u00e7\u00f5es A \u201cGr\u00e1fica Maiadouro, S.A.\u201d tem implementados procedimentos adequados que permitem assegurar o cumprimento das obriga\u00e7\u00f5es de seguran\u00e7a no tratamento, notifica\u00e7\u00e3o \u00e0 autoridade de controlo e aos titulares em caso de viola\u00e7\u00e3o de dados pessoais, avalia\u00e7\u00e3o de impacto sobre a prote\u00e7\u00e3o de dados e consulta pr\u00e9via, tal como previstas na legisla\u00e7\u00e3o aplic\u00e1vel. N\u00e3o obstante, importa ter presente que nenhum m\u00e9todo de transmiss\u00e3o ou armazenamento de dados \u00e9 100% seguro. Por conseguinte, declinamos qualquer responsabilidade por quaisquer danos, de qualquer natureza, diretos ou indiretos, incorridos por si, ou por qualquer utilizador, relacionados com fraude inform\u00e1tica, roubo, furto ou qualquer outra infra\u00e7\u00e3o ou circunst\u00e2ncia em que as suas informa\u00e7\u00f5es e dados s\u00e3o acedidos ou divulgados sem autoriza\u00e7\u00e3o expressa. 4. Propriedade intelectual e direitos de autor e direitos conexos Todos os materiais do site, incluindo o design, texto, gr\u00e1ficos, fotografias e conte\u00fado apresentado, constituem propriedade intelectual da \u201cGr\u00e1fica Maiadouro, S.A.\u201d, sendo igualmente protegidos por direitos de autor. \u00c9 estritamente proibido proceder \u00e0 sua modifica\u00e7\u00e3o, reprodu\u00e7\u00e3o, c\u00f3pia, duplica\u00e7\u00e3o, venda, distribui\u00e7\u00e3o ou quaisquer outras formas de explora\u00e7\u00e3o, visando finalidades comerciais ou n\u00e3o comerciais. 5. Subscri\u00e7\u00e3o de Newsletter Caso autorize a subscri\u00e7\u00e3o da Newsletter disponibilizaremos informa\u00e7\u00e3o relativa aos nossos produtos e servi\u00e7os atrav\u00e9s de diferentes meios, como correio eletr\u00f3nico ou outros meios eletr\u00f3nicos equivalentes de comunica\u00e7\u00e3o (como SMS, etc.). A subscri\u00e7\u00e3o da Newsletter pode implicar a utiliza\u00e7\u00e3o de Dados Pessoais de forma a proceder a uma publicita\u00e7\u00e3o personalizada dos nossos produtos e servi\u00e7os dispon\u00edveis ao utilizador atrav\u00e9s de correio eletr\u00f3nico, SMS ou qualquer outro meio eletr\u00f3nico ou de terceiros. Poder\u00e1 cancelar o registo atrav\u00e9s da sec\u00e7\u00e3o de Newsletter da Plataforma em qualquer momento ou seguindo a informa\u00e7\u00e3o que disponibiliz\u00e1mos em cada comunica\u00e7\u00e3o. 6. Cookies Utilizamos cookies nesta Plataforma, que s\u00e3o pequenos ficheiros de texto com informa\u00e7\u00e3o relativa \u00e0 navega\u00e7\u00e3o do utilizador na Plataforma, cujo principal prop\u00f3sito \u00e9 [&hellip;]<\/p>\n","protected":false},"author":1,"featured_media":0,"parent":0,"menu_order":0,"comment_status":"closed","ping_status":"closed","template":"","meta":{"_acf_changed":false,"footnotes":""},"class_list":["post-8698","page","type-page","status-publish","hentry","post-no-thumbnail"],"acf":[],"_links":{"self":[{"href":"https:\/\/maiadouro.pt\/fr\/wp-json\/wp\/v2\/pages\/8698","targetHints":{"allow":["GET"]}}],"collection":[{"href":"https:\/\/maiadouro.pt\/fr\/wp-json\/wp\/v2\/pages"}],"about":[{"href":"https:\/\/maiadouro.pt\/fr\/wp-json\/wp\/v2\/types\/page"}],"author":[{"embeddable":true,"href":"https:\/\/maiadouro.pt\/fr\/wp-json\/wp\/v2\/users\/1"}],"replies":[{"embeddable":true,"href":"https:\/\/maiadouro.pt\/fr\/wp-json\/wp\/v2\/comments?post=8698"}],"version-history":[{"count":0,"href":"https:\/\/maiadouro.pt\/fr\/wp-json\/wp\/v2\/pages\/8698\/revisions"}],"wp:attachment":[{"href":"https:\/\/maiadouro.pt\/fr\/wp-json\/wp\/v2\/media?parent=8698"}],"curies":[{"name":"wp","href":"https:\/\/api.w.org\/{rel}","templated":true}]}}