{"id":8701,"date":"2021-01-22T16:03:12","date_gmt":"2021-01-22T16:03:12","guid":{"rendered":"http:\/\/maiadouro.pt\/politica-de-qualidade-e-cadeira-de-custodia\/"},"modified":"2022-02-25T09:49:27","modified_gmt":"2022-02-25T09:49:27","slug":"politica-de-qualidade-e-cadeira-de-custodia","status":"publish","type":"page","link":"https:\/\/maiadouro.pt\/fr\/politica-de-qualidade-e-cadeira-de-custodia\/","title":{"rendered":"Pol\u00edtica de Qualidade e Cadeia de Cust\u00f3dia"},"content":{"rendered":"\t\t<div data-elementor-type=\"wp-page\" data-elementor-id=\"8701\" class=\"elementor elementor-8701 elementor-8041\" data-elementor-settings=\"[]\">\n\t\t\t\t\t\t<div class=\"elementor-inner\">\n\t\t\t\t\t\t\t<div class=\"elementor-section-wrap\">\n\t\t\t\t\t\t\t<section class=\"elementor-section elementor-top-section elementor-element elementor-element-78b525a3 elementor-section-boxed elementor-section-gap-beside-yes elementor-section-height-default elementor-section-height-default elementor-section-column-vertical-align-stretch\" data-id=\"78b525a3\" data-element_type=\"section\">\n\t\t\t\t\t\t<div class=\"elementor-container elementor-column-gap-extended\">\n\t\t\t\t\t\t\t<div class=\"elementor-row\">\n\t\t\t\t\t<div class=\"elementor-column elementor-col-100 elementor-top-column elementor-element elementor-element-3b0fc4ce\" data-id=\"3b0fc4ce\" data-element_type=\"column\">\n\t\t\t<div class=\"elementor-column-wrap elementor-element-populated\">\n\t\t\t\t\t\t\t<div class=\"elementor-widget-wrap\">\n\t\t\t\t\t\t<div class=\"elementor-element elementor-element-7ded02b9 elementor-widget elementor-widget-text-editor\" data-id=\"7ded02b9\" data-element_type=\"widget\" data-widget_type=\"text-editor.default\">\n\t\t\t\t<div class=\"elementor-widget-container\">\n\t\t\t\t\t<div class=\"elementor-text-editor elementor-clearfix\"><p><em>(N\u00famero Licen\u00e7a FSC\u00ae C109764)<\/em><br><em>(N\u00famero APCER-COC-150275)<\/em><\/p>\n<p><span style=\"letter-spacing: 0em;\">A Administra\u00e7\u00e3o da Gr\u00e1fica Maiadouro, S.A., consciente de que o mercado em que se insere \u00e9 cada vez mais exigente e competitivo, elegeu a qualidade, a inova\u00e7\u00e3o, a honestidade e a permanente actualiza\u00e7\u00e3o t\u00e9cnica como as principais prioridades da sua gest\u00e3o.<\/span><br><\/p>\n<p>Este desafio envolve todos os colaboradores, fornecedores e clientes, garantindo que:<\/p>\n<p>&nbsp;&#8211; As suas necessidades e expectativas s\u00e3o sempre interpretadas e esclarecidas;<\/p>\n<p>&nbsp;&#8211; O comprometimento com os fornecedores \u00e9 cada vez mais intenso, mas tamb\u00e9m independente;<\/p>\n<p>&nbsp;&#8211; A melhoria cont\u00ednua da organiza\u00e7\u00e3o \u00e9 o objectivo de cada colaborador da Gr\u00e1fica Maiadouro, S.A., assegurando o cumprimento dos requisitos das normas NP EN ISO 9001, PSO ISO 12647-2, cadeia de Cust\u00f3dia FSC<sup>\u00ae<\/sup> e PEFC, requisitos de Higiene Sa\u00fade e Seguran\u00e7a no Trabalho e Ambiente;<\/p>\n<p><span style=\"letter-spacing: 0em;\">&nbsp;&#8211; A Gr\u00e1fica Maiadouro. S.A., declara que n\u00e3o est\u00e1 directa ou indirectamente envolvida nas seguintes actividades:<\/span><\/p>\n<p><span style=\"letter-spacing: 0em;\">a) Corte de madeira ilegal ou com\u00e9rcio ilegal de produtos florestais ou madeireiros;<br><\/span><span style=\"letter-spacing: 0em;\">b) Viola\u00e7\u00e3o de direitos tradicionais e humanos em opera\u00e7\u00f5es florestais;<br><\/span><span style=\"letter-spacing: 0em;\">c) Destrui\u00e7\u00e3o de atributos de alto valor para conserva\u00e7\u00e3o em opera\u00e7\u00f5es florestais;<br><\/span><span style=\"letter-spacing: 0em;\">d) Convers\u00e3o significativa de florestas em planta\u00e7\u00f5es ou uso n\u00e3o florestal;<br><\/span><span style=\"letter-spacing: 0em;\">e) Introdu\u00e7\u00e3o de organismos geneticamente modificados em opera\u00e7\u00f5es florestais;<br><\/span><span style=\"letter-spacing: 0em;\">f) Viola\u00e7\u00e3o de qualquer uma das Conven\u00e7\u00f5es da OIT (ILO Core Conventions), conforme na declara\u00e7\u00e3o da OIT sobre Princ\u00edpios e Direitos Fundamentais no Trabalho, 1998;<br><\/span><span style=\"letter-spacing: 0em;\">g) Trabalho infantil;<br><\/span><span style=\"letter-spacing: 0em;\">h) Em todas as formas de trabalho for\u00e7ado ou obrigat\u00f3rio;<br><\/span><span style=\"letter-spacing: 0em;\">i) Na discrimina\u00e7\u00e3o na contrata\u00e7\u00e3o e no emprego;<br><\/span><span style=\"letter-spacing: 0em;\">j) A negar o direito \u00e0 negocia\u00e7\u00e3o coletiva e \u00e0 liberdade de associa\u00e7\u00e3o.<\/span><\/p>\n<p>Maia, 21 de Fevereiro de 2022.<\/p>\n<p><span style=\"color: rgb(51, 51, 51); letter-spacing: 0em;\">A Administra\u00e7\u00e3o:<br><\/span><em style=\"letter-spacing: 0em;\">Gr\u00e1fica Maiadouro, S.A. &#8211; Fernando da Silva Oliveira<\/em><\/p><\/div>\n\t\t\t\t<\/div>\n\t\t\t\t<\/div>\n\t\t\t\t\t\t<\/div>\n\t\t\t\t\t<\/div>\n\t\t<\/div>\n\t\t\t\t\t\t\t\t<\/div>\n\t\t\t\t\t<\/div>\n\t\t<\/section>\n\t\t\t\t\t\t<\/div>\n\t\t\t\t\t\t<\/div>\n\t\t\t\t\t<\/div>\n\t\t","protected":false},"excerpt":{"rendered":"<p>(N\u00famero Licen\u00e7a FSC\u00ae C109764)(N\u00famero APCER-COC-150275) A Administra\u00e7\u00e3o da Gr\u00e1fica Maiadouro, S.A., consciente de que o mercado em que se insere \u00e9 cada vez mais exigente e competitivo, elegeu a qualidade, a inova\u00e7\u00e3o, a honestidade e a permanente actualiza\u00e7\u00e3o t\u00e9cnica como as principais prioridades da sua gest\u00e3o. Este desafio envolve todos os colaboradores, fornecedores e clientes, garantindo que: &nbsp;&#8211; As suas necessidades e expectativas s\u00e3o sempre interpretadas e esclarecidas; &nbsp;&#8211; O comprometimento com os fornecedores \u00e9 cada vez mais intenso, mas tamb\u00e9m independente; &nbsp;&#8211; A melhoria cont\u00ednua da organiza\u00e7\u00e3o \u00e9 o objectivo de cada colaborador da Gr\u00e1fica Maiadouro, S.A., assegurando o cumprimento dos requisitos das normas NP EN ISO 9001, PSO ISO 12647-2, cadeia de Cust\u00f3dia FSC\u00ae e PEFC, requisitos de Higiene Sa\u00fade e Seguran\u00e7a no Trabalho e Ambiente; &nbsp;&#8211; A Gr\u00e1fica Maiadouro. S.A., declara que n\u00e3o est\u00e1 directa ou indirectamente envolvida nas seguintes actividades: a) Corte de madeira ilegal ou com\u00e9rcio ilegal de produtos florestais ou madeireiros;b) Viola\u00e7\u00e3o de direitos tradicionais e humanos em opera\u00e7\u00f5es florestais;c) Destrui\u00e7\u00e3o de atributos de alto valor para conserva\u00e7\u00e3o em opera\u00e7\u00f5es florestais;d) Convers\u00e3o significativa de florestas em planta\u00e7\u00f5es ou uso n\u00e3o florestal;e) Introdu\u00e7\u00e3o de organismos geneticamente modificados em opera\u00e7\u00f5es florestais;f) Viola\u00e7\u00e3o de qualquer uma das Conven\u00e7\u00f5es da OIT (ILO Core Conventions), conforme na declara\u00e7\u00e3o da OIT sobre Princ\u00edpios e Direitos Fundamentais no Trabalho, 1998;g) Trabalho infantil;h) Em todas as formas de trabalho for\u00e7ado ou obrigat\u00f3rio;i) Na discrimina\u00e7\u00e3o na contrata\u00e7\u00e3o e no emprego;j) A negar o direito \u00e0 negocia\u00e7\u00e3o coletiva e \u00e0 liberdade de associa\u00e7\u00e3o. Maia, 21 de Fevereiro de 2022. A Administra\u00e7\u00e3o:Gr\u00e1fica Maiadouro, S.A. &#8211; Fernando da Silva Oliveira<\/p>\n","protected":false},"author":2,"featured_media":0,"parent":0,"menu_order":0,"comment_status":"closed","ping_status":"closed","template":"","meta":{"_acf_changed":false,"footnotes":""},"class_list":["post-8701","page","type-page","status-publish","hentry","post-no-thumbnail"],"acf":[],"_links":{"self":[{"href":"https:\/\/maiadouro.pt\/fr\/wp-json\/wp\/v2\/pages\/8701","targetHints":{"allow":["GET"]}}],"collection":[{"href":"https:\/\/maiadouro.pt\/fr\/wp-json\/wp\/v2\/pages"}],"about":[{"href":"https:\/\/maiadouro.pt\/fr\/wp-json\/wp\/v2\/types\/page"}],"author":[{"embeddable":true,"href":"https:\/\/maiadouro.pt\/fr\/wp-json\/wp\/v2\/users\/2"}],"replies":[{"embeddable":true,"href":"https:\/\/maiadouro.pt\/fr\/wp-json\/wp\/v2\/comments?post=8701"}],"version-history":[{"count":18,"href":"https:\/\/maiadouro.pt\/fr\/wp-json\/wp\/v2\/pages\/8701\/revisions"}],"predecessor-version":[{"id":12657,"href":"https:\/\/maiadouro.pt\/fr\/wp-json\/wp\/v2\/pages\/8701\/revisions\/12657"}],"wp:attachment":[{"href":"https:\/\/maiadouro.pt\/fr\/wp-json\/wp\/v2\/media?parent=8701"}],"curies":[{"name":"wp","href":"https:\/\/api.w.org\/{rel}","templated":true}]}}